{"id":7,"date":"2014-12-11T13:29:15","date_gmt":"2014-12-11T11:29:15","guid":{"rendered":"http:\/\/www.masurenhaus-bartnik.de\/?page_id=7"},"modified":"2023-02-08T09:43:34","modified_gmt":"2023-02-08T07:43:34","slug":"ausstattung","status":"publish","type":"page","link":"https:\/\/www.masurenhaus-bartnik.de\/?page_id=7","title":{"rendered":"Ausstattung"},"content":{"rendered":"<p><strong>Jede Wohnung<\/strong> hat ein<strong> Sat-TV (Flachbildschirm) und W-LAN.<\/strong> Die K\u00fcchen sind komplett ausgestattet und haben einen K\u00fchlschrank mit Frostfach. Zu jeder Wohnung geh\u00f6rt ein Bad mit Warm- und Kaltwasser, Ba\u00addewanne, WC, Bidet und Waschbecken. Bei k\u00fchler Witterung kann mit Heizk\u00f6rpern oder mit dem Schwedenkamin bzw. K\u00fcchenherd geheizt werden. Holz f\u00fcr diesen Zweck ist im \u201eSchauer&#8220; auf dem Grundst\u00fcck vorhanden. Im Trockenraum des Souterrains befindet sich eine K\u00fchltruhe f\u00fcr die Allgemeinheit (G\u00e4ste des Hauses).<\/p>\n<p>Der Parkplatz hinter dem Haus kann mit einem abschlie\u00dfbaren Poller gesichert werden.<\/p>\n<p><a href=\"http:\/\/www.masurenhaus-bartnik.de\/wp-content\/uploads\/2020\/05\/20190419_115114-scaled.jpg\"><img fetchpriority=\"high\" decoding=\"async\" class=\"alignnone wp-image-364 \" src=\"http:\/\/www.masurenhaus-bartnik.de\/wp-content\/uploads\/2020\/05\/20190419_115114-300x225.jpg\" alt=\"\" width=\"270\" height=\"202\" srcset=\"https:\/\/www.masurenhaus-bartnik.de\/wp-content\/uploads\/2020\/05\/20190419_115114-300x225.jpg 300w, https:\/\/www.masurenhaus-bartnik.de\/wp-content\/uploads\/2020\/05\/20190419_115114-1024x768.jpg 1024w, https:\/\/www.masurenhaus-bartnik.de\/wp-content\/uploads\/2020\/05\/20190419_115114-768x576.jpg 768w, https:\/\/www.masurenhaus-bartnik.de\/wp-content\/uploads\/2020\/05\/20190419_115114-1536x1152.jpg 1536w, https:\/\/www.masurenhaus-bartnik.de\/wp-content\/uploads\/2020\/05\/20190419_115114-2048x1536.jpg 2048w\" sizes=\"(max-width: 270px) 100vw, 270px\" \/> &nbsp; <\/a><a href=\"http:\/\/www.masurenhaus-bartnik.de\/wp-content\/uploads\/2020\/05\/20190419_115046-scaled.jpg\"><img decoding=\"async\" class=\"alignnone wp-image-363 \" src=\"http:\/\/www.masurenhaus-bartnik.de\/wp-content\/uploads\/2020\/05\/20190419_115046-300x225.jpg\" alt=\"\" width=\"271\" height=\"203\" srcset=\"https:\/\/www.masurenhaus-bartnik.de\/wp-content\/uploads\/2020\/05\/20190419_115046-300x225.jpg 300w, https:\/\/www.masurenhaus-bartnik.de\/wp-content\/uploads\/2020\/05\/20190419_115046-1024x768.jpg 1024w, https:\/\/www.masurenhaus-bartnik.de\/wp-content\/uploads\/2020\/05\/20190419_115046-768x576.jpg 768w, https:\/\/www.masurenhaus-bartnik.de\/wp-content\/uploads\/2020\/05\/20190419_115046-1536x1152.jpg 1536w, https:\/\/www.masurenhaus-bartnik.de\/wp-content\/uploads\/2020\/05\/20190419_115046-2048x1536.jpg 2048w\" sizes=\"(max-width: 271px) 100vw, 271px\" \/><\/a><\/p>\n<p>Im Dachgeschoss befinden sich 3 Betten (Doppel.- und Einzelbett)<\/p>\n<p><a href=\"http:\/\/www.masurenhaus-bartnik.de\/wp-content\/uploads\/2020\/05\/IMG_20190428_110918-scaled.jpg\"><img decoding=\"async\" class=\"wp-image-380 size-medium\" src=\"http:\/\/www.masurenhaus-bartnik.de\/wp-content\/uploads\/2020\/05\/IMG_20190428_110918-300x225.jpg\" alt=\"\" width=\"300\" height=\"225\" srcset=\"https:\/\/www.masurenhaus-bartnik.de\/wp-content\/uploads\/2020\/05\/IMG_20190428_110918-300x225.jpg 300w, https:\/\/www.masurenhaus-bartnik.de\/wp-content\/uploads\/2020\/05\/IMG_20190428_110918-1024x768.jpg 1024w, https:\/\/www.masurenhaus-bartnik.de\/wp-content\/uploads\/2020\/05\/IMG_20190428_110918-768x576.jpg 768w, https:\/\/www.masurenhaus-bartnik.de\/wp-content\/uploads\/2020\/05\/IMG_20190428_110918-1536x1152.jpg 1536w, https:\/\/www.masurenhaus-bartnik.de\/wp-content\/uploads\/2020\/05\/IMG_20190428_110918-2048x1536.jpg 2048w\" sizes=\"(max-width: 300px) 100vw, 300px\" \/><\/a><\/p>\n<p>Esszimmer Dachgeschoss<\/p>\n<p><a href=\"http:\/\/www.masurenhaus-bartnik.de\/wp-content\/uploads\/2020\/05\/20190419_104818-scaled.jpg\"><img loading=\"lazy\" decoding=\"async\" class=\"alignnone wp-image-359 size-medium\" src=\"http:\/\/www.masurenhaus-bartnik.de\/wp-content\/uploads\/2020\/05\/20190419_104818-300x225.jpg\" alt=\"\" width=\"300\" height=\"225\" srcset=\"https:\/\/www.masurenhaus-bartnik.de\/wp-content\/uploads\/2020\/05\/20190419_104818-300x225.jpg 300w, https:\/\/www.masurenhaus-bartnik.de\/wp-content\/uploads\/2020\/05\/20190419_104818-1024x768.jpg 1024w, https:\/\/www.masurenhaus-bartnik.de\/wp-content\/uploads\/2020\/05\/20190419_104818-768x576.jpg 768w, https:\/\/www.masurenhaus-bartnik.de\/wp-content\/uploads\/2020\/05\/20190419_104818-1536x1152.jpg 1536w, https:\/\/www.masurenhaus-bartnik.de\/wp-content\/uploads\/2020\/05\/20190419_104818-2048x1536.jpg 2048w\" sizes=\"(max-width: 300px) 100vw, 300px\" \/><\/a><\/p>\n<p>Wohnbereich<\/p>\n<p><a href=\"http:\/\/www.masurenhaus-bartnik.de\/wp-content\/uploads\/2020\/05\/20190420_130829-scaled.jpg\"><img loading=\"lazy\" decoding=\"async\" class=\"alignnone wp-image-370 size-medium\" src=\"http:\/\/www.masurenhaus-bartnik.de\/wp-content\/uploads\/2020\/05\/20190420_130829-300x225.jpg\" alt=\"\" width=\"300\" height=\"225\" srcset=\"https:\/\/www.masurenhaus-bartnik.de\/wp-content\/uploads\/2020\/05\/20190420_130829-300x225.jpg 300w, https:\/\/www.masurenhaus-bartnik.de\/wp-content\/uploads\/2020\/05\/20190420_130829-1024x768.jpg 1024w, https:\/\/www.masurenhaus-bartnik.de\/wp-content\/uploads\/2020\/05\/20190420_130829-768x576.jpg 768w, https:\/\/www.masurenhaus-bartnik.de\/wp-content\/uploads\/2020\/05\/20190420_130829-1536x1152.jpg 1536w, https:\/\/www.masurenhaus-bartnik.de\/wp-content\/uploads\/2020\/05\/20190420_130829-2048x1536.jpg 2048w\" sizes=\"(max-width: 300px) 100vw, 300px\" \/><\/a><\/p>\n<p>K\u00fcche<\/p>\n<p><a href=\"http:\/\/www.masurenhaus-bartnik.de\/wp-content\/uploads\/2014\/12\/P1140340.jpg\"><img loading=\"lazy\" decoding=\"async\" class=\"wp-image-95 \" src=\"http:\/\/www.masurenhaus-bartnik.de\/wp-content\/uploads\/2014\/12\/P1140340-300x225.jpg\" alt=\"P1140340\" width=\"267\" height=\"201\" srcset=\"https:\/\/www.masurenhaus-bartnik.de\/wp-content\/uploads\/2014\/12\/P1140340-300x225.jpg 300w, https:\/\/www.masurenhaus-bartnik.de\/wp-content\/uploads\/2014\/12\/P1140340-1024x768.jpg 1024w, https:\/\/www.masurenhaus-bartnik.de\/wp-content\/uploads\/2014\/12\/P1140340.jpg 1296w\" sizes=\"(max-width: 267px) 100vw, 267px\" \/><\/a><a href=\"http:\/\/www.masurenhaus-bartnik.de\/wp-content\/uploads\/2020\/05\/IMG_20190620_183353-scaled.jpg\"> &nbsp;&nbsp;&nbsp; <img loading=\"lazy\" decoding=\"async\" class=\"wp-image-402 \" src=\"http:\/\/www.masurenhaus-bartnik.de\/wp-content\/uploads\/2020\/05\/IMG_20190620_183353-300x225.jpg\" alt=\"\" width=\"268\" height=\"201\" srcset=\"https:\/\/www.masurenhaus-bartnik.de\/wp-content\/uploads\/2020\/05\/IMG_20190620_183353-300x225.jpg 300w, https:\/\/www.masurenhaus-bartnik.de\/wp-content\/uploads\/2020\/05\/IMG_20190620_183353-1024x768.jpg 1024w, https:\/\/www.masurenhaus-bartnik.de\/wp-content\/uploads\/2020\/05\/IMG_20190620_183353-768x576.jpg 768w, https:\/\/www.masurenhaus-bartnik.de\/wp-content\/uploads\/2020\/05\/IMG_20190620_183353-1536x1152.jpg 1536w, https:\/\/www.masurenhaus-bartnik.de\/wp-content\/uploads\/2020\/05\/IMG_20190620_183353-2048x1536.jpg 2048w\" sizes=\"(max-width: 268px) 100vw, 268px\" \/><\/a><\/p>\n<p>Terrasse im Dachgeschoss, \u00fcber den Wipfeln des Waldes<\/p>\n<p>Das <strong>Dachgeschoss <\/strong>hat ein Schlafzimmer mit 3 Betten plus Schlafcouch im Wohnzimmer mit K\u00fcche, Bad und Sonnenterrasse. Ideale Belegung mit 4 Personen.<\/p>\n<p>Das <strong>Erdgeschoss <\/strong>hat zwei Schlafzimmer mit 4 Schlafm\u00f6glichkeiten plus Schlafcouch im Wohnzimmer mit K\u00fcche, Bad und \u00fcberdachter Terrasse.<\/p>\n<p><a href=\"http:\/\/www.masurenhaus-bartnik.de\/wp-content\/uploads\/2020\/05\/20190413_165615-scaled.jpg\"><img loading=\"lazy\" decoding=\"async\" class=\"alignnone wp-image-347 size-medium\" src=\"http:\/\/www.masurenhaus-bartnik.de\/wp-content\/uploads\/2020\/05\/20190413_165615-300x225.jpg\" alt=\"\" width=\"300\" height=\"225\" srcset=\"https:\/\/www.masurenhaus-bartnik.de\/wp-content\/uploads\/2020\/05\/20190413_165615-300x225.jpg 300w, https:\/\/www.masurenhaus-bartnik.de\/wp-content\/uploads\/2020\/05\/20190413_165615-1024x768.jpg 1024w, https:\/\/www.masurenhaus-bartnik.de\/wp-content\/uploads\/2020\/05\/20190413_165615-768x576.jpg 768w, https:\/\/www.masurenhaus-bartnik.de\/wp-content\/uploads\/2020\/05\/20190413_165615-1536x1152.jpg 1536w, https:\/\/www.masurenhaus-bartnik.de\/wp-content\/uploads\/2020\/05\/20190413_165615-2048x1536.jpg 2048w\" sizes=\"(max-width: 300px) 100vw, 300px\" \/><\/a><\/p>\n<figure id=\"attachment_383\" aria-describedby=\"caption-attachment-383\" style=\"width: 300px\" class=\"wp-caption alignnone\"><a href=\"http:\/\/www.masurenhaus-bartnik.de\/wp-content\/uploads\/2020\/05\/IMG_20190428_143822-scaled.jpg\"><img loading=\"lazy\" decoding=\"async\" class=\"wp-image-383 size-medium\" src=\"http:\/\/www.masurenhaus-bartnik.de\/wp-content\/uploads\/2020\/05\/IMG_20190428_143822-300x225.jpg\" alt=\"\" width=\"300\" height=\"225\" srcset=\"https:\/\/www.masurenhaus-bartnik.de\/wp-content\/uploads\/2020\/05\/IMG_20190428_143822-300x225.jpg 300w, https:\/\/www.masurenhaus-bartnik.de\/wp-content\/uploads\/2020\/05\/IMG_20190428_143822-1024x768.jpg 1024w, https:\/\/www.masurenhaus-bartnik.de\/wp-content\/uploads\/2020\/05\/IMG_20190428_143822-768x576.jpg 768w, https:\/\/www.masurenhaus-bartnik.de\/wp-content\/uploads\/2020\/05\/IMG_20190428_143822-1536x1152.jpg 1536w, https:\/\/www.masurenhaus-bartnik.de\/wp-content\/uploads\/2020\/05\/IMG_20190428_143822-2048x1536.jpg 2048w\" sizes=\"(max-width: 300px) 100vw, 300px\" \/><\/a><figcaption id=\"caption-attachment-383\" class=\"wp-caption-text\">Essbereich<\/figcaption><\/figure>\n<p><a href=\"http:\/\/www.masurenhaus-bartnik.de\/wp-content\/uploads\/2020\/05\/IMG-20190429-WA0010.jpg\"><img loading=\"lazy\" decoding=\"async\" class=\"alignnone wp-image-454 alignleft\" src=\"http:\/\/www.masurenhaus-bartnik.de\/wp-content\/uploads\/2020\/05\/IMG-20190429-WA0010-300x225.jpg\" alt=\"\" width=\"295\" height=\"221\" srcset=\"https:\/\/www.masurenhaus-bartnik.de\/wp-content\/uploads\/2020\/05\/IMG-20190429-WA0010-300x225.jpg 300w, https:\/\/www.masurenhaus-bartnik.de\/wp-content\/uploads\/2020\/05\/IMG-20190429-WA0010-1024x768.jpg 1024w, https:\/\/www.masurenhaus-bartnik.de\/wp-content\/uploads\/2020\/05\/IMG-20190429-WA0010-768x576.jpg 768w, https:\/\/www.masurenhaus-bartnik.de\/wp-content\/uploads\/2020\/05\/IMG-20190429-WA0010-1536x1152.jpg 1536w, https:\/\/www.masurenhaus-bartnik.de\/wp-content\/uploads\/2020\/05\/IMG-20190429-WA0010.jpg 1600w\" sizes=\"(max-width: 295px) 100vw, 295px\" \/><\/a><\/p>\n<p><\/p>\n<p style=\"text-align: left;\">\n<\/p><p><a href=\"http:\/\/www.masurenhaus-bartnik.de\/wp-content\/uploads\/2020\/05\/20190420_193729-scaled.jpg\"><img loading=\"lazy\" decoding=\"async\" class=\"wp-image-374  alignleft\" src=\"http:\/\/www.masurenhaus-bartnik.de\/wp-content\/uploads\/2020\/05\/20190420_193729-300x225.jpg\" alt=\"\" width=\"299\" height=\"224\" srcset=\"https:\/\/www.masurenhaus-bartnik.de\/wp-content\/uploads\/2020\/05\/20190420_193729-300x225.jpg 300w, https:\/\/www.masurenhaus-bartnik.de\/wp-content\/uploads\/2020\/05\/20190420_193729-1024x768.jpg 1024w, https:\/\/www.masurenhaus-bartnik.de\/wp-content\/uploads\/2020\/05\/20190420_193729-768x576.jpg 768w, https:\/\/www.masurenhaus-bartnik.de\/wp-content\/uploads\/2020\/05\/20190420_193729-1536x1152.jpg 1536w, https:\/\/www.masurenhaus-bartnik.de\/wp-content\/uploads\/2020\/05\/20190420_193729-2048x1536.jpg 2048w\" sizes=\"(max-width: 299px) 100vw, 299px\" \/><\/a><\/p>\n<p><\/p>\n<figure id=\"attachment_399\" aria-describedby=\"caption-attachment-399\" style=\"width: 300px\" class=\"wp-caption alignnone\"><a href=\"http:\/\/www.masurenhaus-bartnik.de\/wp-content\/uploads\/2020\/05\/IMG_20190620_173418-scaled.jpg\"><img loading=\"lazy\" decoding=\"async\" class=\"wp-image-399 size-medium\" src=\"http:\/\/www.masurenhaus-bartnik.de\/wp-content\/uploads\/2020\/05\/IMG_20190620_173418-300x225.jpg\" alt=\"\" width=\"300\" height=\"225\" srcset=\"https:\/\/www.masurenhaus-bartnik.de\/wp-content\/uploads\/2020\/05\/IMG_20190620_173418-300x225.jpg 300w, https:\/\/www.masurenhaus-bartnik.de\/wp-content\/uploads\/2020\/05\/IMG_20190620_173418-1024x768.jpg 1024w, https:\/\/www.masurenhaus-bartnik.de\/wp-content\/uploads\/2020\/05\/IMG_20190620_173418-768x576.jpg 768w, https:\/\/www.masurenhaus-bartnik.de\/wp-content\/uploads\/2020\/05\/IMG_20190620_173418-1536x1152.jpg 1536w, https:\/\/www.masurenhaus-bartnik.de\/wp-content\/uploads\/2020\/05\/IMG_20190620_173418-2048x1536.jpg 2048w\" sizes=\"(max-width: 300px) 100vw, 300px\" \/><\/a><figcaption id=\"caption-attachment-399\" class=\"wp-caption-text\">Schlafzimmer hinter dem Wohnzimmer gelegen<\/figcaption><\/figure>\n<p><a href=\"http:\/\/www.masurenhaus-bartnik.de\/wp-content\/uploads\/2020\/05\/20190420_191230-scaled.jpg\"><img loading=\"lazy\" decoding=\"async\" class=\"alignnone wp-image-372 size-medium\" src=\"http:\/\/www.masurenhaus-bartnik.de\/wp-content\/uploads\/2020\/05\/20190420_191230-300x225.jpg\" alt=\"\" width=\"300\" height=\"225\" srcset=\"https:\/\/www.masurenhaus-bartnik.de\/wp-content\/uploads\/2020\/05\/20190420_191230-300x225.jpg 300w, https:\/\/www.masurenhaus-bartnik.de\/wp-content\/uploads\/2020\/05\/20190420_191230-1024x768.jpg 1024w, https:\/\/www.masurenhaus-bartnik.de\/wp-content\/uploads\/2020\/05\/20190420_191230-768x576.jpg 768w, https:\/\/www.masurenhaus-bartnik.de\/wp-content\/uploads\/2020\/05\/20190420_191230-1536x1152.jpg 1536w, https:\/\/www.masurenhaus-bartnik.de\/wp-content\/uploads\/2020\/05\/20190420_191230-2048x1536.jpg 2048w\" sizes=\"(max-width: 300px) 100vw, 300px\" \/><\/a><\/p>\n<p>Badezimmer Erdgeschoss<\/p>\n<p><a href=\"http:\/\/www.masurenhaus-bartnik.de\/wp-content\/uploads\/2020\/05\/IMG_20190620_173230-scaled.jpg\"><img loading=\"lazy\" decoding=\"async\" class=\"wp-image-398  alignleft\" src=\"http:\/\/www.masurenhaus-bartnik.de\/wp-content\/uploads\/2020\/05\/IMG_20190620_173230-300x225.jpg\" alt=\"\" width=\"294\" height=\"221\" srcset=\"https:\/\/www.masurenhaus-bartnik.de\/wp-content\/uploads\/2020\/05\/IMG_20190620_173230-300x225.jpg 300w, https:\/\/www.masurenhaus-bartnik.de\/wp-content\/uploads\/2020\/05\/IMG_20190620_173230-1024x768.jpg 1024w, https:\/\/www.masurenhaus-bartnik.de\/wp-content\/uploads\/2020\/05\/IMG_20190620_173230-768x576.jpg 768w, https:\/\/www.masurenhaus-bartnik.de\/wp-content\/uploads\/2020\/05\/IMG_20190620_173230-1536x1152.jpg 1536w, https:\/\/www.masurenhaus-bartnik.de\/wp-content\/uploads\/2020\/05\/IMG_20190620_173230-2048x1536.jpg 2048w\" sizes=\"(max-width: 294px) 100vw, 294px\" \/><\/a><\/p>\n<p><\/p>\n<p><\/p>\n<p>Schlafzimmer im Eingangsbereich Erdgeschoss<\/p>\n<p><a href=\"http:\/\/www.masurenhaus-bartnik.de\/wp-content\/uploads\/2020\/05\/20190419_101729-scaled.jpg\"><img loading=\"lazy\" decoding=\"async\" class=\"alignnone wp-image-357 size-medium\" src=\"http:\/\/www.masurenhaus-bartnik.de\/wp-content\/uploads\/2020\/05\/20190419_101729-300x225.jpg\" alt=\"\" width=\"300\" height=\"225\" srcset=\"https:\/\/www.masurenhaus-bartnik.de\/wp-content\/uploads\/2020\/05\/20190419_101729-300x225.jpg 300w, https:\/\/www.masurenhaus-bartnik.de\/wp-content\/uploads\/2020\/05\/20190419_101729-1024x768.jpg 1024w, https:\/\/www.masurenhaus-bartnik.de\/wp-content\/uploads\/2020\/05\/20190419_101729-768x576.jpg 768w, https:\/\/www.masurenhaus-bartnik.de\/wp-content\/uploads\/2020\/05\/20190419_101729-1536x1152.jpg 1536w, https:\/\/www.masurenhaus-bartnik.de\/wp-content\/uploads\/2020\/05\/20190419_101729-2048x1536.jpg 2048w\" sizes=\"(max-width: 300px) 100vw, 300px\" \/><\/a><\/p>\n<p>Der \u00fcberdachte Balkon l\u00e4d zum tr\u00e4umen ein<\/p>\n<p>Im<strong> Souterrain<\/strong> ist ein Trockenraum und eine Waschk\u00fcche. In der Waschk\u00fcche befindet sich ein WC, Waschbecken, eine Dusche, ebenfalls mit Warm- und Kaltwasser, sowie eine Waschmaschine und W\u00e4schetrockner. Waschmittel bitte mitbringen. Die Waschk\u00fcche kann von den G\u00e4sten des Dach- und Erd\u00adgeschosses genutzt werden, sowie von den Personen des Einzelzimmers im Souterrain.&nbsp; <strong>Bettw\u00e4sche wird gestellt und am Anfang des Urlaubs frisch bezogen<\/strong>. Handt\u00fccher bitte mitbringen.&nbsp; Die Nutzungszeit und Dauer der Boote muss von den G\u00e4sten untereinander abgestimmt werden.Das <strong>Souterrain <\/strong>(ebenerdig) hat zwei Bet\u00adten, Dusche, WC und Waschbecken in nebenliegender Waschek\u00fcche\/Bad. Ideal f\u00fcr 2 Personen.<\/p>\n<p><a href=\"http:\/\/www.masurenhaus-bartnik.de\/wp-content\/uploads\/2020\/05\/20190416_155329-scaled.jpg\"><img loading=\"lazy\" decoding=\"async\" class=\"alignnone wp-image-350 size-medium\" src=\"http:\/\/www.masurenhaus-bartnik.de\/wp-content\/uploads\/2020\/05\/20190416_155329-225x300.jpg\" alt=\"\" width=\"225\" height=\"300\" srcset=\"https:\/\/www.masurenhaus-bartnik.de\/wp-content\/uploads\/2020\/05\/20190416_155329-225x300.jpg 225w, https:\/\/www.masurenhaus-bartnik.de\/wp-content\/uploads\/2020\/05\/20190416_155329-768x1024.jpg 768w, https:\/\/www.masurenhaus-bartnik.de\/wp-content\/uploads\/2020\/05\/20190416_155329-1152x1536.jpg 1152w, https:\/\/www.masurenhaus-bartnik.de\/wp-content\/uploads\/2020\/05\/20190416_155329-1536x2048.jpg 1536w, https:\/\/www.masurenhaus-bartnik.de\/wp-content\/uploads\/2020\/05\/20190416_155329-scaled.jpg 1920w\" sizes=\"(max-width: 225px) 100vw, 225px\" \/><\/a><a href=\"http:\/\/www.masurenhaus-bartnik.de\/wp-content\/uploads\/2015\/01\/P1140465.jpg\">&nbsp;<\/a><\/p>\n<p>Schlafzimmer im Souterrain<\/p>\n<p><a href=\"http:\/\/www.masurenhaus-bartnik.de\/wp-content\/uploads\/2015\/01\/P1140465.jpg\"><img loading=\"lazy\" decoding=\"async\" class=\"wp-image-200 alignleft\" src=\"http:\/\/www.masurenhaus-bartnik.de\/wp-content\/uploads\/2015\/01\/P1140465-300x225.jpg\" alt=\"Das Bad\/Waschk\u00fcche im Souterrain\" width=\"241\" height=\"181\" srcset=\"https:\/\/www.masurenhaus-bartnik.de\/wp-content\/uploads\/2015\/01\/P1140465-300x225.jpg 300w, https:\/\/www.masurenhaus-bartnik.de\/wp-content\/uploads\/2015\/01\/P1140465-1024x768.jpg 1024w, https:\/\/www.masurenhaus-bartnik.de\/wp-content\/uploads\/2015\/01\/P1140465.jpg 1080w\" sizes=\"(max-width: 241px) 100vw, 241px\" \/><\/a><a href=\"http:\/\/www.masurenhaus-bartnik.de\/wp-content\/uploads\/2020\/05\/IMG_20190620_183046-scaled.jpg\"><img loading=\"lazy\" decoding=\"async\" class=\"wp-image-401 alignleft\" src=\"http:\/\/www.masurenhaus-bartnik.de\/wp-content\/uploads\/2020\/05\/IMG_20190620_183046-300x225.jpg\" alt=\"Im Kellergeschoss\" width=\"244\" height=\"183\" srcset=\"https:\/\/www.masurenhaus-bartnik.de\/wp-content\/uploads\/2020\/05\/IMG_20190620_183046-300x225.jpg 300w, https:\/\/www.masurenhaus-bartnik.de\/wp-content\/uploads\/2020\/05\/IMG_20190620_183046-1024x768.jpg 1024w, https:\/\/www.masurenhaus-bartnik.de\/wp-content\/uploads\/2020\/05\/IMG_20190620_183046-768x576.jpg 768w, https:\/\/www.masurenhaus-bartnik.de\/wp-content\/uploads\/2020\/05\/IMG_20190620_183046-1536x1152.jpg 1536w, https:\/\/www.masurenhaus-bartnik.de\/wp-content\/uploads\/2020\/05\/IMG_20190620_183046-2048x1536.jpg 2048w\" sizes=\"(max-width: 244px) 100vw, 244px\" \/><\/a><\/p>\n<p><\/p>\n<p><\/p>\n<p>Die Wasserversorgung und Abwasserentsorgung erfolgen zentral aus dem st\u00e4dtischen Netz.<\/p>\n\n\n\n","protected":false},"excerpt":{"rendered":"<p>Jede Wohnung hat ein Sat-TV (Flachbildschirm) und W-LAN. Die K\u00fcchen sind komplett ausgestattet und haben einen K\u00fchlschrank mit Frostfach. Zu jeder Wohnung geh\u00f6rt ein Bad mit Warm- und Kaltwasser, Ba\u00addewanne, WC, Bidet und Waschbecken. Bei k\u00fchler Witterung kann mit Heizk\u00f6rpern oder mit dem Schwedenkamin bzw. K\u00fcchenherd geheizt werden. Holz f\u00fcr diesen Zweck ist im \u201eSchauer&#8220; [&hellip;]<\/p>\n","protected":false},"author":1,"featured_media":0,"parent":0,"menu_order":0,"comment_status":"closed","ping_status":"open","template":"","meta":{"ocean_post_layout":"","ocean_both_sidebars_style":"","ocean_both_sidebars_content_width":0,"ocean_both_sidebars_sidebars_width":0,"ocean_sidebar":"0","ocean_second_sidebar":"0","ocean_disable_margins":"enable","ocean_add_body_class":"","ocean_shortcode_before_top_bar":"","ocean_shortcode_after_top_bar":"","ocean_shortcode_before_header":"","ocean_shortcode_after_header":"","ocean_has_shortcode":"","ocean_shortcode_after_title":"","ocean_shortcode_before_footer_widgets":"","ocean_shortcode_after_footer_widgets":"","ocean_shortcode_before_footer_bottom":"","ocean_shortcode_after_footer_bottom":"","ocean_display_top_bar":"default","ocean_display_header":"default","ocean_header_style":"","ocean_center_header_left_menu":"0","ocean_custom_header_template":"0","ocean_custom_logo":0,"ocean_custom_retina_logo":0,"ocean_custom_logo_max_width":0,"ocean_custom_logo_tablet_max_width":0,"ocean_custom_logo_mobile_max_width":0,"ocean_custom_logo_max_height":0,"ocean_custom_logo_tablet_max_height":0,"ocean_custom_logo_mobile_max_height":0,"ocean_header_custom_menu":"0","ocean_menu_typo_font_family":"0","ocean_menu_typo_font_subset":"","ocean_menu_typo_font_size":0,"ocean_menu_typo_font_size_tablet":0,"ocean_menu_typo_font_size_mobile":0,"ocean_menu_typo_font_size_unit":"px","ocean_menu_typo_font_weight":"","ocean_menu_typo_font_weight_tablet":"","ocean_menu_typo_font_weight_mobile":"","ocean_menu_typo_transform":"","ocean_menu_typo_transform_tablet":"","ocean_menu_typo_transform_mobile":"","ocean_menu_typo_line_height":0,"ocean_menu_typo_line_height_tablet":0,"ocean_menu_typo_line_height_mobile":0,"ocean_menu_typo_line_height_unit":"","ocean_menu_typo_spacing":0,"ocean_menu_typo_spacing_tablet":0,"ocean_menu_typo_spacing_mobile":0,"ocean_menu_typo_spacing_unit":"","ocean_menu_link_color":"","ocean_menu_link_color_hover":"","ocean_menu_link_color_active":"","ocean_menu_link_background":"","ocean_menu_link_hover_background":"","ocean_menu_link_active_background":"","ocean_menu_social_links_bg":"","ocean_menu_social_hover_links_bg":"","ocean_menu_social_links_color":"","ocean_menu_social_hover_links_color":"","ocean_disable_title":"default","ocean_disable_heading":"default","ocean_post_title":"","ocean_post_subheading":"","ocean_post_title_style":"","ocean_post_title_background_color":"","ocean_post_title_background":0,"ocean_post_title_bg_image_position":"","ocean_post_title_bg_image_attachment":"","ocean_post_title_bg_image_repeat":"","ocean_post_title_bg_image_size":"","ocean_post_title_height":0,"ocean_post_title_bg_overlay":0.5,"ocean_post_title_bg_overlay_color":"","ocean_disable_breadcrumbs":"default","ocean_breadcrumbs_color":"","ocean_breadcrumbs_separator_color":"","ocean_breadcrumbs_links_color":"","ocean_breadcrumbs_links_hover_color":"","ocean_display_footer_widgets":"default","ocean_display_footer_bottom":"default","ocean_custom_footer_template":"0","footnotes":""},"class_list":["post-7","page","type-page","status-publish","hentry","entry"],"_links":{"self":[{"href":"https:\/\/www.masurenhaus-bartnik.de\/index.php?rest_route=\/wp\/v2\/pages\/7","targetHints":{"allow":["GET"]}}],"collection":[{"href":"https:\/\/www.masurenhaus-bartnik.de\/index.php?rest_route=\/wp\/v2\/pages"}],"about":[{"href":"https:\/\/www.masurenhaus-bartnik.de\/index.php?rest_route=\/wp\/v2\/types\/page"}],"author":[{"embeddable":true,"href":"https:\/\/www.masurenhaus-bartnik.de\/index.php?rest_route=\/wp\/v2\/users\/1"}],"replies":[{"embeddable":true,"href":"https:\/\/www.masurenhaus-bartnik.de\/index.php?rest_route=%2Fwp%2Fv2%2Fcomments&post=7"}],"version-history":[{"count":59,"href":"https:\/\/www.masurenhaus-bartnik.de\/index.php?rest_route=\/wp\/v2\/pages\/7\/revisions"}],"predecessor-version":[{"id":511,"href":"https:\/\/www.masurenhaus-bartnik.de\/index.php?rest_route=\/wp\/v2\/pages\/7\/revisions\/511"}],"wp:attachment":[{"href":"https:\/\/www.masurenhaus-bartnik.de\/index.php?rest_route=%2Fwp%2Fv2%2Fmedia&parent=7"}],"curies":[{"name":"wp","href":"https:\/\/api.w.org\/{rel}","templated":true}]}}