{"id":25,"date":"2014-12-11T13:26:40","date_gmt":"2014-12-11T11:26:40","guid":{"rendered":"http:\/\/www.masurenhaus-bartnik.de\/?page_id=25"},"modified":"2023-02-08T09:26:03","modified_gmt":"2023-02-08T07:26:03","slug":"masuren","status":"publish","type":"page","link":"https:\/\/www.masurenhaus-bartnik.de\/?page_id=25","title":{"rendered":"Aktivit\u00e4ten"},"content":{"rendered":"<p><span style=\"color: #ff0000;\">Bitte Doppelklick auf die Bilder der nachfolgenden Seiten, um sie zu vergr\u00f6\u00dfern!<\/span><\/p>\n<figure id=\"attachment_164\" aria-describedby=\"caption-attachment-164\" style=\"width: 300px\" class=\"wp-caption alignnone\"><a href=\"http:\/\/www.masurenhaus-bartnik.de\/wp-content\/uploads\/2015\/01\/Gr\u00fcnau-September-07-404.jpg\"><img fetchpriority=\"high\" decoding=\"async\" class=\"wp-image-164 size-medium\" src=\"http:\/\/www.masurenhaus-bartnik.de\/wp-content\/uploads\/2015\/01\/Gr\u00fcnau-September-07-404-300x225.jpg\" alt=\"Ein Kanu-Ausflug auf dem &quot;Plautziger See&quot; \" width=\"300\" height=\"225\" srcset=\"https:\/\/www.masurenhaus-bartnik.de\/wp-content\/uploads\/2015\/01\/Gr\u00fcnau-September-07-404-300x225.jpg 300w, https:\/\/www.masurenhaus-bartnik.de\/wp-content\/uploads\/2015\/01\/Gr\u00fcnau-September-07-404.jpg 648w\" sizes=\"(max-width: 300px) 100vw, 300px\" \/><\/a><figcaption id=\"caption-attachment-164\" class=\"wp-caption-text\">Unser hauseigenes Kanu f\u00fcr 3 Personen zus\u00e4tzlich zum Kanu ist ein Surfbrett vorhanden, z.B. zum stehend Paddeln.<\/figcaption><\/figure>\n<figure id=\"attachment_169\" aria-describedby=\"caption-attachment-169\" style=\"width: 300px\" class=\"wp-caption alignnone\"><a href=\"http:\/\/www.masurenhaus-bartnik.de\/wp-content\/uploads\/2015\/01\/IMGP1677.jpg\"><img decoding=\"async\" class=\"wp-image-169 size-medium\" src=\"http:\/\/www.masurenhaus-bartnik.de\/wp-content\/uploads\/2015\/01\/IMGP1677-300x199.jpg\" alt=\"Eine Stube im Freilichtmuseum Skansen\" width=\"300\" height=\"199\" srcset=\"https:\/\/www.masurenhaus-bartnik.de\/wp-content\/uploads\/2015\/01\/IMGP1677-300x199.jpg 300w, https:\/\/www.masurenhaus-bartnik.de\/wp-content\/uploads\/2015\/01\/IMGP1677.jpg 752w\" sizes=\"(max-width: 300px) 100vw, 300px\" \/><\/a><figcaption id=\"caption-attachment-169\" class=\"wp-caption-text\">Eine Bauernstube im Freilichtmuseum Skansen<\/figcaption><\/figure>\n<p><a href=\"http:\/\/www.masurenhaus-bartnik.de\/wp-content\/uploads\/2020\/05\/IMG_20190623_083556-scaled.jpg\"><img decoding=\"async\" class=\"wp-image-407 size-medium\" src=\"http:\/\/www.masurenhaus-bartnik.de\/wp-content\/uploads\/2020\/05\/IMG_20190623_083556-300x225.jpg\" alt=\"\" width=\"300\" height=\"225\" srcset=\"https:\/\/www.masurenhaus-bartnik.de\/wp-content\/uploads\/2020\/05\/IMG_20190623_083556-300x225.jpg 300w, https:\/\/www.masurenhaus-bartnik.de\/wp-content\/uploads\/2020\/05\/IMG_20190623_083556-1024x768.jpg 1024w, https:\/\/www.masurenhaus-bartnik.de\/wp-content\/uploads\/2020\/05\/IMG_20190623_083556-768x576.jpg 768w, https:\/\/www.masurenhaus-bartnik.de\/wp-content\/uploads\/2020\/05\/IMG_20190623_083556-1536x1152.jpg 1536w, https:\/\/www.masurenhaus-bartnik.de\/wp-content\/uploads\/2020\/05\/IMG_20190623_083556-2048x1536.jpg 2048w\" sizes=\"(max-width: 300px) 100vw, 300px\" \/><\/a><\/p>\n<p><a href=\"http:\/\/www.masurenhaus-bartnik.de\/wp-content\/uploads\/2014\/12\/DSCI0056.jpg\"><img loading=\"lazy\" decoding=\"async\" class=\"size-medium wp-image-79\" src=\"http:\/\/www.masurenhaus-bartnik.de\/wp-content\/uploads\/2014\/12\/DSCI0056-300x224.jpg\" alt=\"Der Badestrand mit sehr sichtem Ufer\" width=\"300\" height=\"224\" srcset=\"https:\/\/www.masurenhaus-bartnik.de\/wp-content\/uploads\/2014\/12\/DSCI0056-300x224.jpg 300w, https:\/\/www.masurenhaus-bartnik.de\/wp-content\/uploads\/2014\/12\/DSCI0056.jpg 979w\" sizes=\"(max-width: 300px) 100vw, 300px\" \/> <\/a><\/p>\n<p>Neben ausgedehnten Spazierg\u00e4ngen und Wanderungen im nahliegenden Wald bietet der saubere See jegliche M\u00f6glichkeit wie baden, bootfahren, angeln und tauchen. Angelscheine k\u00f6nnen in <strong>Schwedrich<\/strong> (Swaderki) und <strong>Plautzig<\/strong> (Pluski) auf der anderen Seeseite, im Restaurant der Fischer gekauft werden (in der Fischerei spricht der Inhaber deutsch) .<\/p>\n<figure id=\"attachment_167\" aria-describedby=\"caption-attachment-167\" style=\"width: 300px\" class=\"wp-caption alignnone\"><a href=\"http:\/\/www.masurenhaus-bartnik.de\/wp-content\/uploads\/2015\/01\/Gr\u00fcnau-September-07-544.jpg\"><img loading=\"lazy\" decoding=\"async\" class=\"size-medium wp-image-167\" src=\"http:\/\/www.masurenhaus-bartnik.de\/wp-content\/uploads\/2015\/01\/Gr\u00fcnau-September-07-544-300x225.jpg\" alt=\"Mit dem Paddelboot unterwegs\" width=\"300\" height=\"225\" srcset=\"https:\/\/www.masurenhaus-bartnik.de\/wp-content\/uploads\/2015\/01\/Gr\u00fcnau-September-07-544-300x225.jpg 300w, https:\/\/www.masurenhaus-bartnik.de\/wp-content\/uploads\/2015\/01\/Gr\u00fcnau-September-07-544.jpg 648w\" sizes=\"(max-width: 300px) 100vw, 300px\" \/><\/a><figcaption id=\"caption-attachment-167\" class=\"wp-caption-text\">Mit dem Paddelboot unterwegs<\/figcaption><\/figure>\n<figure id=\"attachment_196\" aria-describedby=\"caption-attachment-196\" style=\"width: 300px\" class=\"wp-caption alignnone\"><a href=\"http:\/\/www.masurenhaus-bartnik.de\/wp-content\/uploads\/2015\/01\/P1140358.jpg\"><img loading=\"lazy\" decoding=\"async\" class=\"size-medium wp-image-196\" src=\"http:\/\/www.masurenhaus-bartnik.de\/wp-content\/uploads\/2015\/01\/P1140358-300x225.jpg\" alt=\"Unser Ruderboot, E-Motor ist vorhanden\" width=\"300\" height=\"225\" srcset=\"https:\/\/www.masurenhaus-bartnik.de\/wp-content\/uploads\/2015\/01\/P1140358-300x225.jpg 300w, https:\/\/www.masurenhaus-bartnik.de\/wp-content\/uploads\/2015\/01\/P1140358-1024x768.jpg 1024w, https:\/\/www.masurenhaus-bartnik.de\/wp-content\/uploads\/2015\/01\/P1140358.jpg 1080w\" sizes=\"(max-width: 300px) 100vw, 300px\" \/><\/a><figcaption id=\"caption-attachment-196\" class=\"wp-caption-text\">Unser Ruderboot, E-Motor ist vorhanden<\/figcaption><\/figure>\n<figure id=\"attachment_211\" aria-describedby=\"caption-attachment-211\" style=\"width: 225px\" class=\"wp-caption alignnone\"><a href=\"http:\/\/www.masurenhaus-bartnik.de\/wp-content\/uploads\/2015\/01\/serie2gr\u00fcnau2006-015.jpg\"><img loading=\"lazy\" decoding=\"async\" class=\"size-medium wp-image-211\" src=\"http:\/\/www.masurenhaus-bartnik.de\/wp-content\/uploads\/2015\/01\/serie2gr\u00fcnau2006-015-225x300.jpg\" alt=\"Das Pilzesuchen im nahliegenden Wald hat sich gelohnt.\" width=\"225\" height=\"300\" srcset=\"https:\/\/www.masurenhaus-bartnik.de\/wp-content\/uploads\/2015\/01\/serie2gr\u00fcnau2006-015-225x300.jpg 225w, https:\/\/www.masurenhaus-bartnik.de\/wp-content\/uploads\/2015\/01\/serie2gr\u00fcnau2006-015.jpg 525w\" sizes=\"(max-width: 225px) 100vw, 225px\" \/><\/a><figcaption id=\"caption-attachment-211\" class=\"wp-caption-text\">Das Pilzesuchen im nahliegenden Wald hat sich gelohnt.<\/figcaption><\/figure>\n<figure id=\"attachment_210\" aria-describedby=\"caption-attachment-210\" style=\"width: 150px\" class=\"wp-caption alignnone\"><a href=\"http:\/\/www.masurenhaus-bartnik.de\/wp-content\/uploads\/2015\/01\/serie1gr\u00fcnau2006-117.jpg\"><img loading=\"lazy\" decoding=\"async\" class=\"size-full wp-image-210\" src=\"http:\/\/www.masurenhaus-bartnik.de\/wp-content\/uploads\/2015\/01\/serie1gr\u00fcnau2006-117.jpg\" alt=\"Auch Blaubeeren sind Juli reichlich zu sammeln.\" width=\"150\" height=\"112\"><\/a><figcaption id=\"caption-attachment-210\" class=\"wp-caption-text\">Auch Blaubeeren sind im Juli reichlich zu sammeln.<\/figcaption><\/figure>\n<figure id=\"attachment_83\" aria-describedby=\"caption-attachment-83\" style=\"width: 300px\" class=\"wp-caption alignnone\"><a href=\"http:\/\/www.masurenhaus-bartnik.de\/wp-content\/uploads\/2014\/12\/DSCI0092.jpg\"><img loading=\"lazy\" decoding=\"async\" class=\"size-medium wp-image-83\" src=\"http:\/\/www.masurenhaus-bartnik.de\/wp-content\/uploads\/2014\/12\/DSCI0092-300x224.jpg\" alt=\"Die meisten Waldwege sind sehr gut ausgebaut\" width=\"300\" height=\"224\" srcset=\"https:\/\/www.masurenhaus-bartnik.de\/wp-content\/uploads\/2014\/12\/DSCI0092-300x224.jpg 300w, https:\/\/www.masurenhaus-bartnik.de\/wp-content\/uploads\/2014\/12\/DSCI0092.jpg 979w\" sizes=\"(max-width: 300px) 100vw, 300px\" \/><\/a><figcaption id=\"caption-attachment-83\" class=\"wp-caption-text\">Die meisten Waldwege sind sehr gut ausgebaut<\/figcaption><\/figure>\n<figure id=\"attachment_175\" aria-describedby=\"caption-attachment-175\" style=\"width: 300px\" class=\"wp-caption alignnone\"><a href=\"http:\/\/www.masurenhaus-bartnik.de\/wp-content\/uploads\/2015\/01\/P1000335.jpg\"><img loading=\"lazy\" decoding=\"async\" class=\"size-medium wp-image-175\" src=\"http:\/\/www.masurenhaus-bartnik.de\/wp-content\/uploads\/2015\/01\/P1000335-300x168.jpg\" alt=\"Angeln vom Boot\" width=\"300\" height=\"168\"><\/a><figcaption id=\"caption-attachment-175\" class=\"wp-caption-text\">Angeln vom Boot<\/figcaption><\/figure>\n<figure id=\"attachment_409\" aria-describedby=\"caption-attachment-409\" style=\"width: 300px\" class=\"wp-caption alignnone\"><a href=\"http:\/\/www.masurenhaus-bartnik.de\/wp-content\/uploads\/2020\/05\/IMG_20190623_084542-scaled.jpg\"><img loading=\"lazy\" decoding=\"async\" class=\"wp-image-409 size-medium\" src=\"http:\/\/www.masurenhaus-bartnik.de\/wp-content\/uploads\/2020\/05\/IMG_20190623_084542-300x225.jpg\" alt=\"\" width=\"300\" height=\"225\" srcset=\"https:\/\/www.masurenhaus-bartnik.de\/wp-content\/uploads\/2020\/05\/IMG_20190623_084542-300x225.jpg 300w, https:\/\/www.masurenhaus-bartnik.de\/wp-content\/uploads\/2020\/05\/IMG_20190623_084542-1024x768.jpg 1024w, https:\/\/www.masurenhaus-bartnik.de\/wp-content\/uploads\/2020\/05\/IMG_20190623_084542-768x576.jpg 768w, https:\/\/www.masurenhaus-bartnik.de\/wp-content\/uploads\/2020\/05\/IMG_20190623_084542-1536x1152.jpg 1536w, https:\/\/www.masurenhaus-bartnik.de\/wp-content\/uploads\/2020\/05\/IMG_20190623_084542-2048x1536.jpg 2048w\" sizes=\"(max-width: 300px) 100vw, 300px\" \/><\/a><figcaption id=\"caption-attachment-409\" class=\"wp-caption-text\">Badebucht von Gr\u00fcnau<\/figcaption><\/figure>\n<figure id=\"attachment_206\" aria-describedby=\"caption-attachment-206\" style=\"width: 300px\" class=\"wp-caption alignnone\"><a href=\"http:\/\/www.masurenhaus-bartnik.de\/wp-content\/uploads\/2015\/01\/Passbilder-162.jpg\"><img loading=\"lazy\" decoding=\"async\" class=\"size-medium wp-image-206\" src=\"http:\/\/www.masurenhaus-bartnik.de\/wp-content\/uploads\/2015\/01\/Passbilder-162-300x225.jpg\" alt=\"Danzig mit Krantor im Hintergrund\" width=\"300\" height=\"225\" srcset=\"https:\/\/www.masurenhaus-bartnik.de\/wp-content\/uploads\/2015\/01\/Passbilder-162-300x225.jpg 300w, https:\/\/www.masurenhaus-bartnik.de\/wp-content\/uploads\/2015\/01\/Passbilder-162.jpg 912w\" sizes=\"(max-width: 300px) 100vw, 300px\" \/><\/a><figcaption id=\"caption-attachment-206\" class=\"wp-caption-text\">Danzig mit Krantor im Hintergrund<\/figcaption><\/figure>\n<p><strong>Der Wald <\/strong>(Eichen, Buchen und Kiefern) bietet ein reiches Pilz- und Beerenvorkommen, je nach Jahreszeit und Wetter. <strong>Restaurants<\/strong>: <strong>Grieslienen<\/strong> (Gryzliny) hat ein Restaurant mit sehr leckerem und preiswertem Essen bei deutsprachiger Bedienung und entsprechender Speisekarte. Es werden auch masurische Spezialit\u00e4ten geboten. Im Gegen\u00fcberliegenden <strong>Plautzig <\/strong>(Pluski) gibt es auch zwei Restaurants mit meistenteils deutschsprachiger Bedienung, man kann in 30 Minuten mit dem Boot&nbsp; hin\u00fcbersetzen, nehmen sie bitte Kette und Schloss auf die andere Seite des Sees mit. Auf der anderen Seeseite ist ein gro\u00dfes Freizeit- Spa\u00dfbad mit allen Annehmlichkeiten wie Wasserrutsche usw., f\u00fcr Tage falls die Sonne mal nicht scheinen sollte.<\/p>\n<figure id=\"attachment_178\" aria-describedby=\"caption-attachment-178\" style=\"width: 300px\" class=\"wp-caption alignnone\"><a href=\"http:\/\/www.masurenhaus-bartnik.de\/wp-content\/uploads\/2015\/01\/P1000621.jpg\"><img loading=\"lazy\" decoding=\"async\" class=\"size-medium wp-image-178\" src=\"http:\/\/www.masurenhaus-bartnik.de\/wp-content\/uploads\/2015\/01\/P1000621-300x168.jpg\" alt=\"Das Schloss\/Burg Allenstein in der Altstadt von Olsztyn\/Allenstein\" width=\"300\" height=\"168\" srcset=\"https:\/\/www.masurenhaus-bartnik.de\/wp-content\/uploads\/2015\/01\/P1000621-300x168.jpg 300w, https:\/\/www.masurenhaus-bartnik.de\/wp-content\/uploads\/2015\/01\/P1000621-1024x576.jpg 1024w, https:\/\/www.masurenhaus-bartnik.de\/wp-content\/uploads\/2015\/01\/P1000621.jpg 1080w\" sizes=\"(max-width: 300px) 100vw, 300px\" \/><\/a><figcaption id=\"caption-attachment-178\" class=\"wp-caption-text\">Das Schloss\/Burg Allenstein in der Altstadt von Olsztyn\/Allenstein<\/figcaption><\/figure>\n<p>Auch<strong> Allenstein<\/strong> (Olsztyn), mit seinem Schloss und der Altstadt, ist einen Ausflug mit Auto, Bahn oder Bus wert. In <strong>Hohenstein<\/strong> (Olsztynek) gibt es ebenfalls vielf\u00e4ltige Einkaufsm\u00f6glichkeiten und Restaurants. Besonders zu erw\u00e4hnen ist Skansen, das alte Freilichtmuseum am Ortseingang rechts. Zur alten <strong>Marienburg<\/strong>, der Kreutzritterburg aus dem 12.Jahrhundert, (Marlbork) sind es etwa 160 km, genauso wie nach <strong>Danzig<\/strong> (Gdansk), zur Ostsee, <strong>Frauenburg<\/strong> (Frombork) zur Wolfsschanze in<strong>Rastenburg<\/strong> (Ketrzyn). Vergessen sie bei diesen Ausflugsm\u00f6glichkeiten nicht, in Ruhe unser Haus in <strong>Gr\u00fcnau<\/strong> (Zielonowo) zu genie\u00dfen, bei einem Glas Bier oder Wein am Lagerfeuer. Bei allen Aktivit\u00e4ten auf dem Wasser, bitte die Schwimmwesten anlegen. Die Nutzung vom Haus und dessen Einrichtungen erfolgt auf eigene Gefahr.<\/p>\n<figure id=\"attachment_204\" aria-describedby=\"caption-attachment-204\" style=\"width: 300px\" class=\"wp-caption alignnone\"><a href=\"http:\/\/www.masurenhaus-bartnik.de\/wp-content\/uploads\/2015\/01\/Passbilder-110.jpg\"><img loading=\"lazy\" decoding=\"async\" class=\"size-medium wp-image-204\" src=\"http:\/\/www.masurenhaus-bartnik.de\/wp-content\/uploads\/2015\/01\/Passbilder-110-300x225.jpg\" alt=\"Ruine von der &quot;Wolfsschanze&quot;\" width=\"300\" height=\"225\" srcset=\"https:\/\/www.masurenhaus-bartnik.de\/wp-content\/uploads\/2015\/01\/Passbilder-110-300x225.jpg 300w, https:\/\/www.masurenhaus-bartnik.de\/wp-content\/uploads\/2015\/01\/Passbilder-110.jpg 912w\" sizes=\"(max-width: 300px) 100vw, 300px\" \/><\/a><figcaption id=\"caption-attachment-204\" class=\"wp-caption-text\">Ruine von der &#8222;Wolfsschanze&#8220;<\/figcaption><\/figure>\n","protected":false},"excerpt":{"rendered":"<p>Bitte Doppelklick auf die Bilder der nachfolgenden Seiten, um sie zu vergr\u00f6\u00dfern! Neben ausgedehnten Spazierg\u00e4ngen und Wanderungen im nahliegenden Wald bietet der saubere See jegliche M\u00f6glichkeit wie baden, bootfahren, angeln und tauchen. Angelscheine k\u00f6nnen in Schwedrich (Swaderki) und Plautzig (Pluski) auf der anderen Seeseite, im Restaurant der Fischer gekauft werden (in der Fischerei spricht der [&hellip;]<\/p>\n","protected":false},"author":1,"featured_media":0,"parent":0,"menu_order":0,"comment_status":"closed","ping_status":"open","template":"","meta":{"ocean_post_layout":"","ocean_both_sidebars_style":"","ocean_both_sidebars_content_width":0,"ocean_both_sidebars_sidebars_width":0,"ocean_sidebar":"0","ocean_second_sidebar":"0","ocean_disable_margins":"enable","ocean_add_body_class":"","ocean_shortcode_before_top_bar":"","ocean_shortcode_after_top_bar":"","ocean_shortcode_before_header":"","ocean_shortcode_after_header":"","ocean_has_shortcode":"","ocean_shortcode_after_title":"","ocean_shortcode_before_footer_widgets":"","ocean_shortcode_after_footer_widgets":"","ocean_shortcode_before_footer_bottom":"","ocean_shortcode_after_footer_bottom":"","ocean_display_top_bar":"default","ocean_display_header":"default","ocean_header_style":"","ocean_center_header_left_menu":"0","ocean_custom_header_template":"0","ocean_custom_logo":0,"ocean_custom_retina_logo":0,"ocean_custom_logo_max_width":0,"ocean_custom_logo_tablet_max_width":0,"ocean_custom_logo_mobile_max_width":0,"ocean_custom_logo_max_height":0,"ocean_custom_logo_tablet_max_height":0,"ocean_custom_logo_mobile_max_height":0,"ocean_header_custom_menu":"0","ocean_menu_typo_font_family":"0","ocean_menu_typo_font_subset":"","ocean_menu_typo_font_size":0,"ocean_menu_typo_font_size_tablet":0,"ocean_menu_typo_font_size_mobile":0,"ocean_menu_typo_font_size_unit":"px","ocean_menu_typo_font_weight":"","ocean_menu_typo_font_weight_tablet":"","ocean_menu_typo_font_weight_mobile":"","ocean_menu_typo_transform":"","ocean_menu_typo_transform_tablet":"","ocean_menu_typo_transform_mobile":"","ocean_menu_typo_line_height":0,"ocean_menu_typo_line_height_tablet":0,"ocean_menu_typo_line_height_mobile":0,"ocean_menu_typo_line_height_unit":"","ocean_menu_typo_spacing":0,"ocean_menu_typo_spacing_tablet":0,"ocean_menu_typo_spacing_mobile":0,"ocean_menu_typo_spacing_unit":"","ocean_menu_link_color":"","ocean_menu_link_color_hover":"","ocean_menu_link_color_active":"","ocean_menu_link_background":"","ocean_menu_link_hover_background":"","ocean_menu_link_active_background":"","ocean_menu_social_links_bg":"","ocean_menu_social_hover_links_bg":"","ocean_menu_social_links_color":"","ocean_menu_social_hover_links_color":"","ocean_disable_title":"default","ocean_disable_heading":"default","ocean_post_title":"","ocean_post_subheading":"","ocean_post_title_style":"","ocean_post_title_background_color":"","ocean_post_title_background":0,"ocean_post_title_bg_image_position":"","ocean_post_title_bg_image_attachment":"","ocean_post_title_bg_image_repeat":"","ocean_post_title_bg_image_size":"","ocean_post_title_height":0,"ocean_post_title_bg_overlay":0.5,"ocean_post_title_bg_overlay_color":"","ocean_disable_breadcrumbs":"default","ocean_breadcrumbs_color":"","ocean_breadcrumbs_separator_color":"","ocean_breadcrumbs_links_color":"","ocean_breadcrumbs_links_hover_color":"","ocean_display_footer_widgets":"default","ocean_display_footer_bottom":"default","ocean_custom_footer_template":"0","footnotes":""},"class_list":["post-25","page","type-page","status-publish","hentry","entry"],"_links":{"self":[{"href":"https:\/\/www.masurenhaus-bartnik.de\/index.php?rest_route=\/wp\/v2\/pages\/25","targetHints":{"allow":["GET"]}}],"collection":[{"href":"https:\/\/www.masurenhaus-bartnik.de\/index.php?rest_route=\/wp\/v2\/pages"}],"about":[{"href":"https:\/\/www.masurenhaus-bartnik.de\/index.php?rest_route=\/wp\/v2\/types\/page"}],"author":[{"embeddable":true,"href":"https:\/\/www.masurenhaus-bartnik.de\/index.php?rest_route=\/wp\/v2\/users\/1"}],"replies":[{"embeddable":true,"href":"https:\/\/www.masurenhaus-bartnik.de\/index.php?rest_route=%2Fwp%2Fv2%2Fcomments&post=25"}],"version-history":[{"count":42,"href":"https:\/\/www.masurenhaus-bartnik.de\/index.php?rest_route=\/wp\/v2\/pages\/25\/revisions"}],"predecessor-version":[{"id":495,"href":"https:\/\/www.masurenhaus-bartnik.de\/index.php?rest_route=\/wp\/v2\/pages\/25\/revisions\/495"}],"wp:attachment":[{"href":"https:\/\/www.masurenhaus-bartnik.de\/index.php?rest_route=%2Fwp%2Fv2%2Fmedia&parent=25"}],"curies":[{"name":"wp","href":"https:\/\/api.w.org\/{rel}","templated":true}]}}