{"id":15,"date":"2014-12-11T13:29:34","date_gmt":"2014-12-11T11:29:34","guid":{"rendered":"http:\/\/www.masurenhaus-bartnik.de\/?page_id=15"},"modified":"2023-02-08T09:43:51","modified_gmt":"2023-02-08T07:43:51","slug":"ferienwohnung","status":"publish","type":"page","link":"https:\/\/www.masurenhaus-bartnik.de\/?page_id=15","title":{"rendered":"Ferienwohnung"},"content":{"rendered":"<p><strong>Das Ferienhaus <\/strong>wurde 1995 errichtet und steht auf einem eingefriedeten Grundst\u00fcck in Gr\u00fcnau (Zielonowo).&nbsp;&nbsp;&nbsp;&nbsp;&nbsp;&nbsp;&nbsp;&nbsp;&nbsp;&nbsp;&nbsp;&nbsp;&nbsp;&nbsp;&nbsp;&nbsp;&nbsp;&nbsp;&nbsp;&nbsp;&nbsp;&nbsp;&nbsp;&nbsp;&nbsp;&nbsp; Alle Fenster haben M\u00fcckengitter.<\/p>\n<p>Zum Haus geh\u00f6rt ein Surfbrett, ein Ruderboot mit E-Motor, ein Kanu und ein Paddelboot.<\/p>\n<p><span style=\"color: #ff6600;\">&nbsp;<\/span><\/p>\n<figure id=\"attachment_403\" aria-describedby=\"caption-attachment-403\" style=\"width: 300px\" class=\"wp-caption alignnone\"><a href=\"http:\/\/www.masurenhaus-bartnik.de\/wp-content\/uploads\/2020\/05\/IMG_20190622_175031-scaled.jpg\"><img fetchpriority=\"high\" decoding=\"async\" class=\"wp-image-403 size-medium\" src=\"http:\/\/www.masurenhaus-bartnik.de\/wp-content\/uploads\/2020\/05\/IMG_20190622_175031-300x225.jpg\" alt=\"\" width=\"300\" height=\"225\" srcset=\"https:\/\/www.masurenhaus-bartnik.de\/wp-content\/uploads\/2020\/05\/IMG_20190622_175031-300x225.jpg 300w, https:\/\/www.masurenhaus-bartnik.de\/wp-content\/uploads\/2020\/05\/IMG_20190622_175031-1024x768.jpg 1024w, https:\/\/www.masurenhaus-bartnik.de\/wp-content\/uploads\/2020\/05\/IMG_20190622_175031-768x576.jpg 768w, https:\/\/www.masurenhaus-bartnik.de\/wp-content\/uploads\/2020\/05\/IMG_20190622_175031-1536x1152.jpg 1536w, https:\/\/www.masurenhaus-bartnik.de\/wp-content\/uploads\/2020\/05\/IMG_20190622_175031-2048x1536.jpg 2048w\" sizes=\"(max-width: 300px) 100vw, 300px\" \/><\/a><figcaption id=\"caption-attachment-403\" class=\"wp-caption-text\">Einfahrt<\/figcaption><\/figure>\n<p><a href=\"http:\/\/www.masurenhaus-bartnik.de\/wp-content\/uploads\/2020\/05\/IMG-20190506-WA0020.jpg\">&nbsp; <\/a><a href=\"http:\/\/www.masurenhaus-bartnik.de\/wp-content\/uploads\/2020\/05\/IMG-20191022-WA0005.jpg\"><img decoding=\"async\" class=\"wp-image-461  alignleft\" src=\"http:\/\/www.masurenhaus-bartnik.de\/wp-content\/uploads\/2020\/05\/IMG-20191022-WA0005-300x169.jpg\" alt=\"\" width=\"347\" height=\"195\" srcset=\"https:\/\/www.masurenhaus-bartnik.de\/wp-content\/uploads\/2020\/05\/IMG-20191022-WA0005-300x169.jpg 300w, https:\/\/www.masurenhaus-bartnik.de\/wp-content\/uploads\/2020\/05\/IMG-20191022-WA0005-1024x576.jpg 1024w, https:\/\/www.masurenhaus-bartnik.de\/wp-content\/uploads\/2020\/05\/IMG-20191022-WA0005-768x432.jpg 768w, https:\/\/www.masurenhaus-bartnik.de\/wp-content\/uploads\/2020\/05\/IMG-20191022-WA0005.jpg 1376w\" sizes=\"(max-width: 347px) 100vw, 347px\" \/><\/a><\/p>\n<p>Feuerstelle l\u00e4d zum gem\u00fctlichen Beisammen ein<\/p>\n<p><strong>Das Grundst\u00fcck, <\/strong><\/p>\n<p>hat eine Gr\u00f6\u00dfe von 1228 m<sup>2<\/sup> ist ca. 100 m vom Strand \/ See entfernt und ca. 10 m vom Wald.<\/p>\n<p>Das Haus hat zwei Wohnungen und ein Zimmer im Souterrain:<\/p>\n<p><strong>Das Erdgeschoss <\/strong>hat eine Gr\u00f6\u00dfe von ca. 75 m<sup>2<\/sup>, besitzt eine \u00fcberdachte Terrasse und hat zwei Schlafzimmer. Im Wohnzimmer ist eine ausziehbare Schlafcouch. Optimal ist eine Belegung mit 4 Personen.<\/p>\n<p><a href=\"http:\/\/www.masurenhaus-bartnik.de\/wp-content\/uploads\/2014\/12\/Skizze_3.jpg\"><img decoding=\"async\" class=\"alignnone size-medium wp-image-69\" src=\"http:\/\/www.masurenhaus-bartnik.de\/wp-content\/uploads\/2014\/12\/Skizze_3-212x300.jpg\" alt=\"Skizze_3\" width=\"212\" height=\"300\" srcset=\"https:\/\/www.masurenhaus-bartnik.de\/wp-content\/uploads\/2014\/12\/Skizze_3-212x300.jpg 212w, https:\/\/www.masurenhaus-bartnik.de\/wp-content\/uploads\/2014\/12\/Skizze_3.jpg 544w\" sizes=\"(max-width: 212px) 100vw, 212px\" \/><\/a><\/p>\n<p><strong>Das Dachgeschoss <\/strong>hat auch eine Gr\u00f6\u00dfe von ca. 75 m<sup>2<\/sup>, die gro\u00dfe Sonnenterrasse ist nicht \u00fcberdacht. Es hat ein Schlafzimmer. Im Wohnzimmer ist eine ausziehbare Schlaf\u00adcouch. Optimal ist eine Belegung mit 4 Personen.<\/p>\n<p><a href=\"http:\/\/www.masurenhaus-bartnik.de\/wp-content\/uploads\/2014\/12\/Skizze_2.jpg\"><img loading=\"lazy\" decoding=\"async\" class=\"alignnone size-medium wp-image-68\" src=\"http:\/\/www.masurenhaus-bartnik.de\/wp-content\/uploads\/2014\/12\/Skizze_2-212x300.jpg\" alt=\"Skizze_2\" width=\"212\" height=\"300\" srcset=\"https:\/\/www.masurenhaus-bartnik.de\/wp-content\/uploads\/2014\/12\/Skizze_2-212x300.jpg 212w, https:\/\/www.masurenhaus-bartnik.de\/wp-content\/uploads\/2014\/12\/Skizze_2.jpg 544w\" sizes=\"(max-width: 212px) 100vw, 212px\" \/><\/a><\/p>\n<p><strong>Souterrain: <\/strong>Das Schlafzimmer hat eine Gr\u00f6\u00dfe von 12 m<sup>2<\/sup> und kann zu den Wohnungen dazu gemietet werden, nicht eigenst\u00e4ndig, max. 2 Personen.<\/p>\n<p><a href=\"http:\/\/www.masurenhaus-bartnik.de\/wp-content\/uploads\/2014\/12\/Skizze_4.jpg\"><img loading=\"lazy\" decoding=\"async\" class=\"alignnone size-medium wp-image-70\" src=\"http:\/\/www.masurenhaus-bartnik.de\/wp-content\/uploads\/2014\/12\/Skizze_4-212x300.jpg\" alt=\"Skizze_4\" width=\"212\" height=\"300\" srcset=\"https:\/\/www.masurenhaus-bartnik.de\/wp-content\/uploads\/2014\/12\/Skizze_4-212x300.jpg 212w, https:\/\/www.masurenhaus-bartnik.de\/wp-content\/uploads\/2014\/12\/Skizze_4.jpg 543w\" sizes=\"(max-width: 212px) 100vw, 212px\" \/><\/a><\/p>\n<p><strong>Garage: <\/strong>ca. 22 m<sup>2<\/sup>, etwas schwierig zu befahren.<\/p>\n<p><strong>Parkplatz <\/strong>hinter dem Haus kann, mit einer Wegfahrsperre\/Poller, gesichert werden.<\/p>\n","protected":false},"excerpt":{"rendered":"<p>Das Ferienhaus wurde 1995 errichtet und steht auf einem eingefriedeten Grundst\u00fcck in Gr\u00fcnau (Zielonowo).&nbsp;&nbsp;&nbsp;&nbsp;&nbsp;&nbsp;&nbsp;&nbsp;&nbsp;&nbsp;&nbsp;&nbsp;&nbsp;&nbsp;&nbsp;&nbsp;&nbsp;&nbsp;&nbsp;&nbsp;&nbsp;&nbsp;&nbsp;&nbsp;&nbsp;&nbsp; Alle Fenster haben M\u00fcckengitter. Zum Haus geh\u00f6rt ein Surfbrett, ein Ruderboot mit E-Motor, ein Kanu und ein Paddelboot. &nbsp; &nbsp; Feuerstelle l\u00e4d zum gem\u00fctlichen Beisammen ein Das Grundst\u00fcck, hat eine Gr\u00f6\u00dfe von 1228 m2 ist ca. 100 m vom Strand \/ [&hellip;]<\/p>\n","protected":false},"author":1,"featured_media":0,"parent":0,"menu_order":0,"comment_status":"closed","ping_status":"open","template":"","meta":{"ocean_post_layout":"","ocean_both_sidebars_style":"","ocean_both_sidebars_content_width":0,"ocean_both_sidebars_sidebars_width":0,"ocean_sidebar":"0","ocean_second_sidebar":"0","ocean_disable_margins":"enable","ocean_add_body_class":"","ocean_shortcode_before_top_bar":"","ocean_shortcode_after_top_bar":"","ocean_shortcode_before_header":"","ocean_shortcode_after_header":"","ocean_has_shortcode":"","ocean_shortcode_after_title":"","ocean_shortcode_before_footer_widgets":"","ocean_shortcode_after_footer_widgets":"","ocean_shortcode_before_footer_bottom":"","ocean_shortcode_after_footer_bottom":"","ocean_display_top_bar":"default","ocean_display_header":"default","ocean_header_style":"","ocean_center_header_left_menu":"0","ocean_custom_header_template":"0","ocean_custom_logo":0,"ocean_custom_retina_logo":0,"ocean_custom_logo_max_width":0,"ocean_custom_logo_tablet_max_width":0,"ocean_custom_logo_mobile_max_width":0,"ocean_custom_logo_max_height":0,"ocean_custom_logo_tablet_max_height":0,"ocean_custom_logo_mobile_max_height":0,"ocean_header_custom_menu":"0","ocean_menu_typo_font_family":"0","ocean_menu_typo_font_subset":"","ocean_menu_typo_font_size":0,"ocean_menu_typo_font_size_tablet":0,"ocean_menu_typo_font_size_mobile":0,"ocean_menu_typo_font_size_unit":"px","ocean_menu_typo_font_weight":"","ocean_menu_typo_font_weight_tablet":"","ocean_menu_typo_font_weight_mobile":"","ocean_menu_typo_transform":"","ocean_menu_typo_transform_tablet":"","ocean_menu_typo_transform_mobile":"","ocean_menu_typo_line_height":0,"ocean_menu_typo_line_height_tablet":0,"ocean_menu_typo_line_height_mobile":0,"ocean_menu_typo_line_height_unit":"","ocean_menu_typo_spacing":0,"ocean_menu_typo_spacing_tablet":0,"ocean_menu_typo_spacing_mobile":0,"ocean_menu_typo_spacing_unit":"","ocean_menu_link_color":"","ocean_menu_link_color_hover":"","ocean_menu_link_color_active":"","ocean_menu_link_background":"","ocean_menu_link_hover_background":"","ocean_menu_link_active_background":"","ocean_menu_social_links_bg":"","ocean_menu_social_hover_links_bg":"","ocean_menu_social_links_color":"","ocean_menu_social_hover_links_color":"","ocean_disable_title":"default","ocean_disable_heading":"default","ocean_post_title":"","ocean_post_subheading":"","ocean_post_title_style":"","ocean_post_title_background_color":"","ocean_post_title_background":0,"ocean_post_title_bg_image_position":"","ocean_post_title_bg_image_attachment":"","ocean_post_title_bg_image_repeat":"","ocean_post_title_bg_image_size":"","ocean_post_title_height":0,"ocean_post_title_bg_overlay":0.5,"ocean_post_title_bg_overlay_color":"","ocean_disable_breadcrumbs":"default","ocean_breadcrumbs_color":"","ocean_breadcrumbs_separator_color":"","ocean_breadcrumbs_links_color":"","ocean_breadcrumbs_links_hover_color":"","ocean_display_footer_widgets":"default","ocean_display_footer_bottom":"default","ocean_custom_footer_template":"0","footnotes":""},"class_list":["post-15","page","type-page","status-publish","hentry","entry"],"_links":{"self":[{"href":"https:\/\/www.masurenhaus-bartnik.de\/index.php?rest_route=\/wp\/v2\/pages\/15","targetHints":{"allow":["GET"]}}],"collection":[{"href":"https:\/\/www.masurenhaus-bartnik.de\/index.php?rest_route=\/wp\/v2\/pages"}],"about":[{"href":"https:\/\/www.masurenhaus-bartnik.de\/index.php?rest_route=\/wp\/v2\/types\/page"}],"author":[{"embeddable":true,"href":"https:\/\/www.masurenhaus-bartnik.de\/index.php?rest_route=\/wp\/v2\/users\/1"}],"replies":[{"embeddable":true,"href":"https:\/\/www.masurenhaus-bartnik.de\/index.php?rest_route=%2Fwp%2Fv2%2Fcomments&post=15"}],"version-history":[{"count":16,"href":"https:\/\/www.masurenhaus-bartnik.de\/index.php?rest_route=\/wp\/v2\/pages\/15\/revisions"}],"predecessor-version":[{"id":512,"href":"https:\/\/www.masurenhaus-bartnik.de\/index.php?rest_route=\/wp\/v2\/pages\/15\/revisions\/512"}],"wp:attachment":[{"href":"https:\/\/www.masurenhaus-bartnik.de\/index.php?rest_route=%2Fwp%2Fv2%2Fmedia&parent=15"}],"curies":[{"name":"wp","href":"https:\/\/api.w.org\/{rel}","templated":true}]}}